{"id":2210,"date":"2019-05-07T14:47:37","date_gmt":"2019-05-07T12:47:37","guid":{"rendered":"https:\/\/lachouetteduchai.com\/produit\/pic-saint-loup-red-wine\/"},"modified":"2026-04-27T14:22:26","modified_gmt":"2026-04-27T12:22:26","slug":"pic-saint-loup-red-wine","status":"publish","type":"product","link":"https:\/\/lachouetteduchai.com\/en\/produit\/pic-saint-loup-red-wine\/","title":{"rendered":"Un beau roman, une chouette histoire"},"content":{"rendered":"","protected":false},"excerpt":{"rendered":"<p><span style=\"color: #b0976d;\"><em>\u201c With its deep colour and garnet highlights, this powerful wine with a bold bouquet draws its fruity aromas from the aromatic profile of its spicy terroir.<br \/>\nIts fine, lively and harmonious tannins offer a palate that is both mineral and full-bodied, with a fresh finish.<br \/>\nA wine to drink now or keep for the future.\u201d<br \/>\n<\/em><\/span><\/p>\n","protected":false},"featured_media":2768,"comment_status":"closed","ping_status":"closed","template":"","meta":[],"class_list":["post-2210","product","type-product","status-publish","has-post-thumbnail","hentry","product_cat-non-classe-en"],"yoast_head":"<!-- This site is optimized with the Yoast SEO plugin v14.7 - https:\/\/yoast.com\/wordpress\/plugins\/seo\/ -->\n<title>Vin rouge AOP Pic-Saint-Loup 2018. Un beau roman, une chouette histoire<\/title>\n<meta name=\"description\" content=\"D\u00e9couvrez notre bouteille de vin rouge avec une robe sombre aux reflets grenat. Ce vin puissant au nez franc puise ses ar\u00f4mes fruit\u00e9s de son terroir \u00e9pic\u00e9.\" \/>\n<meta name=\"robots\" content=\"index, follow\" \/>\n<meta name=\"googlebot\" content=\"index, follow, max-snippet:-1, max-image-preview:large, max-video-preview:-1\" \/>\n<meta name=\"bingbot\" content=\"index, follow, max-snippet:-1, max-image-preview:large, max-video-preview:-1\" \/>\n<link rel=\"canonical\" href=\"https:\/\/lachouetteduchai.com\/en\/produit\/pic-saint-loup-red-wine\/\" \/>\n<meta property=\"og:locale\" content=\"en_US\" \/>\n<meta property=\"og:type\" content=\"article\" \/>\n<meta property=\"og:title\" content=\"Vin rouge AOP Pic-Saint-Loup 2018. Un beau roman, une chouette histoire\" \/>\n<meta property=\"og:description\" content=\"D\u00e9couvrez notre bouteille de vin rouge avec une robe sombre aux reflets grenat. Ce vin puissant au nez franc puise ses ar\u00f4mes fruit\u00e9s de son terroir \u00e9pic\u00e9.\" \/>\n<meta property=\"og:url\" content=\"https:\/\/lachouetteduchai.com\/en\/produit\/pic-saint-loup-red-wine\/\" \/>\n<meta property=\"og:site_name\" content=\"La Chouette du Chai - Pic St Loup\" \/>\n<meta property=\"article:publisher\" content=\"https:\/\/www.facebook.com\/La-Chouette-du-Chai-138767546773728\/\" \/>\n<meta property=\"article:modified_time\" content=\"2026-04-27T12:22:26+00:00\" \/>\n<meta property=\"og:image\" content=\"https:\/\/lachouetteduchai.com\/wp-content\/uploads\/2019\/05\/IMG_20230426_101241_edit_2532287048951092-scaled.jpg\" \/>\n\t<meta property=\"og:image:width\" content=\"1920\" \/>\n\t<meta property=\"og:image:height\" content=\"2560\" \/>\n<meta name=\"twitter:card\" content=\"summary_large_image\" \/>\n<script type=\"application\/ld+json\" class=\"yoast-schema-graph\">{\"@context\":\"https:\/\/schema.org\",\"@graph\":[{\"@type\":\"Organization\",\"@id\":\"https:\/\/lachouetteduchai.com\/en\/#organization\",\"name\":\"La Chouette du Chai\",\"url\":\"https:\/\/lachouetteduchai.com\/en\/\",\"sameAs\":[\"https:\/\/www.facebook.com\/La-Chouette-du-Chai-138767546773728\/\",\"https:\/\/www.instagram.com\/la_chouette_du_chai\/\"],\"logo\":{\"@type\":\"ImageObject\",\"@id\":\"https:\/\/lachouetteduchai.com\/en\/#logo\",\"inLanguage\":\"en-US\",\"url\":\"https:\/\/lachouetteduchai.com\/wp-content\/uploads\/2019\/02\/chouette-navigation-black-9.png\",\"width\":182,\"height\":83,\"caption\":\"La Chouette du Chai\"},\"image\":{\"@id\":\"https:\/\/lachouetteduchai.com\/en\/#logo\"}},{\"@type\":\"WebSite\",\"@id\":\"https:\/\/lachouetteduchai.com\/en\/#website\",\"url\":\"https:\/\/lachouetteduchai.com\/en\/\",\"name\":\"La Chouette du Chai - Pic St Loup\",\"description\":\"\",\"publisher\":{\"@id\":\"https:\/\/lachouetteduchai.com\/en\/#organization\"},\"potentialAction\":[{\"@type\":\"SearchAction\",\"target\":\"https:\/\/lachouetteduchai.com\/en\/?s={search_term_string}\",\"query-input\":\"required name=search_term_string\"}],\"inLanguage\":\"en-US\"},{\"@type\":\"ImageObject\",\"@id\":\"https:\/\/lachouetteduchai.com\/en\/produit\/pic-saint-loup-red-wine\/#primaryimage\",\"inLanguage\":\"en-US\",\"url\":\"https:\/\/lachouetteduchai.com\/wp-content\/uploads\/2019\/05\/IMG_20230426_101241_edit_2532287048951092-scaled.jpg\",\"width\":1920,\"height\":2560,\"caption\":\"ptroz\"},{\"@type\":\"WebPage\",\"@id\":\"https:\/\/lachouetteduchai.com\/en\/produit\/pic-saint-loup-red-wine\/#webpage\",\"url\":\"https:\/\/lachouetteduchai.com\/en\/produit\/pic-saint-loup-red-wine\/\",\"name\":\"Vin rouge AOP Pic-Saint-Loup 2018. Un beau roman, une chouette histoire\",\"isPartOf\":{\"@id\":\"https:\/\/lachouetteduchai.com\/en\/#website\"},\"primaryImageOfPage\":{\"@id\":\"https:\/\/lachouetteduchai.com\/en\/produit\/pic-saint-loup-red-wine\/#primaryimage\"},\"datePublished\":\"2019-05-07T12:47:37+00:00\",\"dateModified\":\"2026-04-27T12:22:26+00:00\",\"description\":\"D\\u00e9couvrez notre bouteille de vin rouge avec une robe sombre aux reflets grenat. Ce vin puissant au nez franc puise ses ar\\u00f4mes fruit\\u00e9s de son terroir \\u00e9pic\\u00e9.\",\"inLanguage\":\"en-US\",\"potentialAction\":[{\"@type\":\"ReadAction\",\"target\":[\"https:\/\/lachouetteduchai.com\/en\/produit\/pic-saint-loup-red-wine\/\"]}]}]}<\/script>\n<!-- \/ Yoast SEO plugin. -->","_links":{"self":[{"href":"https:\/\/lachouetteduchai.com\/en\/wp-json\/wp\/v2\/product\/2210","targetHints":{"allow":["GET"]}}],"collection":[{"href":"https:\/\/lachouetteduchai.com\/en\/wp-json\/wp\/v2\/product"}],"about":[{"href":"https:\/\/lachouetteduchai.com\/en\/wp-json\/wp\/v2\/types\/product"}],"replies":[{"embeddable":true,"href":"https:\/\/lachouetteduchai.com\/en\/wp-json\/wp\/v2\/comments?post=2210"}],"wp:featuredmedia":[{"embeddable":true,"href":"https:\/\/lachouetteduchai.com\/en\/wp-json\/wp\/v2\/media\/2768"}],"wp:attachment":[{"href":"https:\/\/lachouetteduchai.com\/en\/wp-json\/wp\/v2\/media?parent=2210"}],"curies":[{"name":"wp","href":"https:\/\/api.w.org\/{rel}","templated":true}]}}