{"id":2212,"date":"2019-05-05T14:41:30","date_gmt":"2019-05-05T12:41:30","guid":{"rendered":"https:\/\/lachouetteduchai.com\/produit\/ne-vous-deplaise\/"},"modified":"2021-02-15T10:26:38","modified_gmt":"2021-02-15T09:26:38","slug":"ne-vous-deplaise","status":"publish","type":"product","link":"https:\/\/lachouetteduchai.com\/en\/produit\/ne-vous-deplaise\/","title":{"rendered":"Ne vous d\u00e9plaise"},"content":{"rendered":"","protected":false},"excerpt":{"rendered":"<p><span style=\"color: #b0976d;\"><em>\u201cYoung, fruity wine for immediate drinking.<br \/>\nFor consumption within 5 years.\u201d<\/em><\/span><\/p>\n<p><span style=\"color: #b0976d;\"><em>The picture shown are not contractual.<\/em><\/span><\/p>\n","protected":false},"featured_media":2992,"comment_status":"closed","ping_status":"closed","template":"","meta":[],"class_list":["post-2212","product","type-product","status-publish","has-post-thumbnail","hentry","product_cat-non-classe-en"],"yoast_head":"<!-- This site is optimized with the Yoast SEO plugin v14.7 - https:\/\/yoast.com\/wordpress\/plugins\/seo\/ -->\n<title>Ne vous d\u00e9plaise, vin rouge mill\u00e9sime 2016, appellation Vin de France<\/title>\n<meta name=\"description\" content=\"Ne vous en d\u00e9plaise est un vin de La Chouette du Chai, mill\u00e9sime 2016 avec une syrah \u00e9pic\u00e9e, puissante et juteuse. C\u00e9page 100% Syrah.\" \/>\n<meta name=\"robots\" content=\"index, follow\" \/>\n<meta name=\"googlebot\" content=\"index, follow, max-snippet:-1, max-image-preview:large, max-video-preview:-1\" \/>\n<meta name=\"bingbot\" content=\"index, follow, max-snippet:-1, max-image-preview:large, max-video-preview:-1\" \/>\n<link rel=\"canonical\" href=\"https:\/\/lachouetteduchai.com\/en\/produit\/ne-vous-deplaise\/\" \/>\n<meta property=\"og:locale\" content=\"en_US\" \/>\n<meta property=\"og:type\" content=\"article\" \/>\n<meta property=\"og:title\" content=\"Ne vous d\u00e9plaise, vin rouge mill\u00e9sime 2016, appellation Vin de France\" \/>\n<meta property=\"og:description\" content=\"Ne vous en d\u00e9plaise est un vin de La Chouette du Chai, mill\u00e9sime 2016 avec une syrah \u00e9pic\u00e9e, puissante et juteuse. C\u00e9page 100% Syrah.\" \/>\n<meta property=\"og:url\" content=\"https:\/\/lachouetteduchai.com\/en\/produit\/ne-vous-deplaise\/\" \/>\n<meta property=\"og:site_name\" content=\"La Chouette du Chai - Pic St Loup\" \/>\n<meta property=\"article:publisher\" content=\"https:\/\/www.facebook.com\/La-Chouette-du-Chai-138767546773728\/\" \/>\n<meta property=\"article:modified_time\" content=\"2021-02-15T09:26:38+00:00\" \/>\n<meta property=\"og:image\" content=\"https:\/\/lachouetteduchai.com\/wp-content\/uploads\/2019\/05\/ne-vous-deplaise-1.jpg\" \/>\n\t<meta property=\"og:image:width\" content=\"1400\" \/>\n\t<meta property=\"og:image:height\" content=\"2585\" \/>\n<meta name=\"twitter:card\" content=\"summary_large_image\" \/>\n<script type=\"application\/ld+json\" class=\"yoast-schema-graph\">{\"@context\":\"https:\/\/schema.org\",\"@graph\":[{\"@type\":\"Organization\",\"@id\":\"https:\/\/lachouetteduchai.com\/en\/#organization\",\"name\":\"La Chouette du Chai\",\"url\":\"https:\/\/lachouetteduchai.com\/en\/\",\"sameAs\":[\"https:\/\/www.facebook.com\/La-Chouette-du-Chai-138767546773728\/\",\"https:\/\/www.instagram.com\/la_chouette_du_chai\/\"],\"logo\":{\"@type\":\"ImageObject\",\"@id\":\"https:\/\/lachouetteduchai.com\/en\/#logo\",\"inLanguage\":\"en-US\",\"url\":\"https:\/\/lachouetteduchai.com\/wp-content\/uploads\/2019\/02\/chouette-navigation-black-9.png\",\"width\":182,\"height\":83,\"caption\":\"La Chouette du Chai\"},\"image\":{\"@id\":\"https:\/\/lachouetteduchai.com\/en\/#logo\"}},{\"@type\":\"WebSite\",\"@id\":\"https:\/\/lachouetteduchai.com\/en\/#website\",\"url\":\"https:\/\/lachouetteduchai.com\/en\/\",\"name\":\"La Chouette du Chai - Pic St Loup\",\"description\":\"\",\"publisher\":{\"@id\":\"https:\/\/lachouetteduchai.com\/en\/#organization\"},\"potentialAction\":[{\"@type\":\"SearchAction\",\"target\":\"https:\/\/lachouetteduchai.com\/en\/?s={search_term_string}\",\"query-input\":\"required name=search_term_string\"}],\"inLanguage\":\"en-US\"},{\"@type\":\"ImageObject\",\"@id\":\"https:\/\/lachouetteduchai.com\/en\/produit\/ne-vous-deplaise\/#primaryimage\",\"inLanguage\":\"en-US\",\"url\":\"https:\/\/lachouetteduchai.com\/wp-content\/uploads\/2019\/05\/IMG_20250920_101306-scaled.jpg\",\"width\":1920,\"height\":2560},{\"@type\":\"WebPage\",\"@id\":\"https:\/\/lachouetteduchai.com\/en\/produit\/ne-vous-deplaise\/#webpage\",\"url\":\"https:\/\/lachouetteduchai.com\/en\/produit\/ne-vous-deplaise\/\",\"name\":\"Ne vous d\\u00e9plaise, vin rouge mill\\u00e9sime 2016, appellation Vin de France\",\"isPartOf\":{\"@id\":\"https:\/\/lachouetteduchai.com\/en\/#website\"},\"primaryImageOfPage\":{\"@id\":\"https:\/\/lachouetteduchai.com\/en\/produit\/ne-vous-deplaise\/#primaryimage\"},\"datePublished\":\"2019-05-05T12:41:30+00:00\",\"dateModified\":\"2021-02-15T09:26:38+00:00\",\"description\":\"Ne vous en d\\u00e9plaise est un vin de La Chouette du Chai, mill\\u00e9sime 2016 avec une syrah \\u00e9pic\\u00e9e, puissante et juteuse. C\\u00e9page 100% Syrah.\",\"inLanguage\":\"en-US\",\"potentialAction\":[{\"@type\":\"ReadAction\",\"target\":[\"https:\/\/lachouetteduchai.com\/en\/produit\/ne-vous-deplaise\/\"]}]}]}<\/script>\n<!-- \/ Yoast SEO plugin. -->","_links":{"self":[{"href":"https:\/\/lachouetteduchai.com\/en\/wp-json\/wp\/v2\/product\/2212","targetHints":{"allow":["GET"]}}],"collection":[{"href":"https:\/\/lachouetteduchai.com\/en\/wp-json\/wp\/v2\/product"}],"about":[{"href":"https:\/\/lachouetteduchai.com\/en\/wp-json\/wp\/v2\/types\/product"}],"replies":[{"embeddable":true,"href":"https:\/\/lachouetteduchai.com\/en\/wp-json\/wp\/v2\/comments?post=2212"}],"wp:featuredmedia":[{"embeddable":true,"href":"https:\/\/lachouetteduchai.com\/en\/wp-json\/wp\/v2\/media\/2992"}],"wp:attachment":[{"href":"https:\/\/lachouetteduchai.com\/en\/wp-json\/wp\/v2\/media?parent=2212"}],"curies":[{"name":"wp","href":"https:\/\/api.w.org\/{rel}","templated":true}]}}