{"id":2214,"date":"2019-05-03T14:07:12","date_gmt":"2019-05-03T12:07:12","guid":{"rendered":"https:\/\/lachouetteduchai.com\/produit\/drole-doiseau\/"},"modified":"2026-04-22T13:51:13","modified_gmt":"2026-04-22T11:51:13","slug":"drole-doiseau","status":"publish","type":"product","link":"https:\/\/lachouetteduchai.com\/en\/produit\/drole-doiseau\/","title":{"rendered":"Dr\u00f4le d&#8217;oiseau"},"content":{"rendered":"","protected":false},"excerpt":{"rendered":"<p><span style=\"color: #b0976d;\"><em>\u201cStraw-yellow colour with green highlights. Expressive bouquet over white flower, iodine and dried apricot notes. Well-balanced mouth with a fine tactile development in the length and an attractive salty finish. Ideal for an aperitif with food; also goes well with chicken in a sauce.\u201d<\/em><\/span><\/p>\n","protected":false},"featured_media":2775,"comment_status":"closed","ping_status":"closed","template":"","meta":[],"class_list":["post-2214","product","type-product","status-publish","has-post-thumbnail","hentry","product_cat-non-classe","product_cat-non-classe-en"],"yoast_head":"<!-- This site is optimized with the Yoast SEO plugin v14.7 - https:\/\/yoast.com\/wordpress\/plugins\/seo\/ -->\n<title>Dr\u00f4le d&#039;oiseau, vin blanc La Chouette du Chai appellation Vin de France<\/title>\n<meta name=\"description\" content=\"Floral et fruit\u00e9, vin de mono-c\u00e9page 100% viognier encore en devenir. Mill\u00e9sime 2016. Appellation Vin de France. \u00c0 servir entre 8\u00b0 et 10\u00b0.\" \/>\n<meta name=\"robots\" content=\"index, follow\" \/>\n<meta name=\"googlebot\" content=\"index, follow, max-snippet:-1, max-image-preview:large, max-video-preview:-1\" \/>\n<meta name=\"bingbot\" content=\"index, follow, max-snippet:-1, max-image-preview:large, max-video-preview:-1\" \/>\n<link rel=\"canonical\" href=\"https:\/\/lachouetteduchai.com\/en\/produit\/drole-doiseau\/\" \/>\n<meta property=\"og:locale\" content=\"en_US\" \/>\n<meta property=\"og:type\" content=\"article\" \/>\n<meta property=\"og:title\" content=\"Dr\u00f4le d&#039;oiseau, vin blanc La Chouette du Chai appellation Vin de France\" \/>\n<meta property=\"og:description\" content=\"Floral et fruit\u00e9, vin de mono-c\u00e9page 100% viognier encore en devenir. Mill\u00e9sime 2016. Appellation Vin de France. \u00c0 servir entre 8\u00b0 et 10\u00b0.\" \/>\n<meta property=\"og:url\" content=\"https:\/\/lachouetteduchai.com\/en\/produit\/drole-doiseau\/\" \/>\n<meta property=\"og:site_name\" content=\"La Chouette du Chai - Pic St Loup\" \/>\n<meta property=\"article:publisher\" content=\"https:\/\/www.facebook.com\/La-Chouette-du-Chai-138767546773728\/\" \/>\n<meta property=\"article:modified_time\" content=\"2026-04-22T11:51:13+00:00\" \/>\n<meta property=\"og:image\" content=\"https:\/\/lachouetteduchai.com\/wp-content\/uploads\/2019\/05\/IMG_20230426_095629_edit_2531367546281961-scaled.jpg\" \/>\n\t<meta property=\"og:image:width\" content=\"1920\" \/>\n\t<meta property=\"og:image:height\" content=\"2560\" \/>\n<meta name=\"twitter:card\" content=\"summary_large_image\" \/>\n<script type=\"application\/ld+json\" class=\"yoast-schema-graph\">{\"@context\":\"https:\/\/schema.org\",\"@graph\":[{\"@type\":\"Organization\",\"@id\":\"https:\/\/lachouetteduchai.com\/en\/#organization\",\"name\":\"La Chouette du Chai\",\"url\":\"https:\/\/lachouetteduchai.com\/en\/\",\"sameAs\":[\"https:\/\/www.facebook.com\/La-Chouette-du-Chai-138767546773728\/\",\"https:\/\/www.instagram.com\/la_chouette_du_chai\/\"],\"logo\":{\"@type\":\"ImageObject\",\"@id\":\"https:\/\/lachouetteduchai.com\/en\/#logo\",\"inLanguage\":\"en-US\",\"url\":\"https:\/\/lachouetteduchai.com\/wp-content\/uploads\/2019\/02\/chouette-navigation-black-9.png\",\"width\":182,\"height\":83,\"caption\":\"La Chouette du Chai\"},\"image\":{\"@id\":\"https:\/\/lachouetteduchai.com\/en\/#logo\"}},{\"@type\":\"WebSite\",\"@id\":\"https:\/\/lachouetteduchai.com\/en\/#website\",\"url\":\"https:\/\/lachouetteduchai.com\/en\/\",\"name\":\"La Chouette du Chai - Pic St Loup\",\"description\":\"\",\"publisher\":{\"@id\":\"https:\/\/lachouetteduchai.com\/en\/#organization\"},\"potentialAction\":[{\"@type\":\"SearchAction\",\"target\":\"https:\/\/lachouetteduchai.com\/en\/?s={search_term_string}\",\"query-input\":\"required name=search_term_string\"}],\"inLanguage\":\"en-US\"},{\"@type\":\"ImageObject\",\"@id\":\"https:\/\/lachouetteduchai.com\/en\/produit\/drole-doiseau\/#primaryimage\",\"inLanguage\":\"en-US\",\"url\":\"https:\/\/lachouetteduchai.com\/wp-content\/uploads\/2019\/05\/IMG_20230426_095629_edit_2531367546281961-scaled.jpg\",\"width\":1920,\"height\":2560,\"caption\":\"ptr\"},{\"@type\":\"WebPage\",\"@id\":\"https:\/\/lachouetteduchai.com\/en\/produit\/drole-doiseau\/#webpage\",\"url\":\"https:\/\/lachouetteduchai.com\/en\/produit\/drole-doiseau\/\",\"name\":\"Dr\\u00f4le d'oiseau, vin blanc La Chouette du Chai appellation Vin de France\",\"isPartOf\":{\"@id\":\"https:\/\/lachouetteduchai.com\/en\/#website\"},\"primaryImageOfPage\":{\"@id\":\"https:\/\/lachouetteduchai.com\/en\/produit\/drole-doiseau\/#primaryimage\"},\"datePublished\":\"2019-05-03T12:07:12+00:00\",\"dateModified\":\"2026-04-22T11:51:13+00:00\",\"description\":\"Floral et fruit\\u00e9, vin de mono-c\\u00e9page 100% viognier encore en devenir. Mill\\u00e9sime 2016. Appellation Vin de France. \\u00c0 servir entre 8\\u00b0 et 10\\u00b0.\",\"inLanguage\":\"en-US\",\"potentialAction\":[{\"@type\":\"ReadAction\",\"target\":[\"https:\/\/lachouetteduchai.com\/en\/produit\/drole-doiseau\/\"]}]}]}<\/script>\n<!-- \/ Yoast SEO plugin. -->","_links":{"self":[{"href":"https:\/\/lachouetteduchai.com\/en\/wp-json\/wp\/v2\/product\/2214","targetHints":{"allow":["GET"]}}],"collection":[{"href":"https:\/\/lachouetteduchai.com\/en\/wp-json\/wp\/v2\/product"}],"about":[{"href":"https:\/\/lachouetteduchai.com\/en\/wp-json\/wp\/v2\/types\/product"}],"replies":[{"embeddable":true,"href":"https:\/\/lachouetteduchai.com\/en\/wp-json\/wp\/v2\/comments?post=2214"}],"wp:featuredmedia":[{"embeddable":true,"href":"https:\/\/lachouetteduchai.com\/en\/wp-json\/wp\/v2\/media\/2775"}],"wp:attachment":[{"href":"https:\/\/lachouetteduchai.com\/en\/wp-json\/wp\/v2\/media?parent=2214"}],"curies":[{"name":"wp","href":"https:\/\/api.w.org\/{rel}","templated":true}]}}